{"id":7550,"date":"2022-01-20T17:18:51","date_gmt":"2022-01-20T17:18:51","guid":{"rendered":"https:\/\/saboresdovelho.com\/datenschutz-bestimmungen\/"},"modified":"2022-05-05T16:00:11","modified_gmt":"2022-05-05T16:00:11","slug":"datenschutz-bestimmungen","status":"publish","type":"page","link":"https:\/\/saboresdovelho.com\/de\/datenschutz-bestimmungen\/","title":{"rendered":"Datenschutz-Bestimmungen"},"content":{"rendered":"\n<p><strong>GDPR &#8211; Allgemeines Datenschutzregime<\/strong><\/p>\n\n\n\n<p>Datenschutzrichtlinie | Nutzungsbedingungen und Nutzung<\/p>\n\n\n\n<p><\/p>\n\n\n\n<p><strong>ERKL\u00c4RUNG UND ZUSTIMMUNG <\/strong>zur DATENSCHUTZERKL\u00c4RUNG<\/p>\n\n\n\n<p>Indem Sie diese Datenschutzrichtlinie akzeptieren, autorisieren Sie Kings Old Love, Unipessoal, Lda, juristische Personennummer 513228187, mit Hauptsitz in R. DA PRA\u00c7A 14, 9545-125, CAPELAS PONTA DELGADA, Ihre personenbezogenen Daten aus Ihrem Registrierungsformular zu verarbeiten der Sie best\u00e4tigen, dass Sie der Eigent\u00fcmer sind, sowie die Daten in Bezug auf Ihre Gesch\u00e4fts- und Vertragsbeziehung und die entsprechende Verwaltung gem\u00e4\u00df den Bedingungen dieser Datenschutzrichtlinie.<\/p>\n\n\n\n<p>Es erkl\u00e4rt weiter:<br><\/p>\n\n\n\n<ol><li>Seien Sie sich bewusst und umfassend dar\u00fcber informiert, dass die Verarbeitung Ihrer personenbezogenen Daten alle Vorg\u00e4nge umfasst, die mit den von Ihnen \u00fcbermittelten Daten automatisiert oder nicht zu folgenden Zwecken durchgef\u00fchrt werden:<br><br>&#8211; den Betrieb und die Funktionalit\u00e4t der Website von Kings Old Love, Unipessoal, Lda zu verbessern (auch in F\u00e4llen, in denen Ihre Daten aggregiert und statistisch verarbeitet werden, ohne dass sie von Dritten, denen sie zur Verf\u00fcgung gestellt werden, identifizierbar sind);<br>&#8211; die Ihnen bereitgestellten Dienste zu verbessern und zu personalisieren;<br>&#8211; um Sie per E-Mail, schriftlich oder telefonisch zu kontaktieren, um &#8211; Ihnen Informationen oder Aktualisierungen \u00fcber Ihre Transaktionen und Bestellungen sowie Informationen \u00fcber neue Produkte oder Dienstleistungen zuzusenden;<br>&#8211; mit Ihnen auf Social-Media-Plattformen interagieren;<br><br><br><\/li><li>akzeptieren und stimmen der kostenlosen Nutzung und Vervielf\u00e4ltigung durch Kings Old Love, Unipessoal, Lda, seiner \u00f6ffentlich zug\u00e4nglichen Inhalte und\/oder Ver\u00f6ffentlichungen auf Social-Media-Plattformen zu, auf die ausdr\u00fccklich und ausdr\u00fccklich verwiesen wird&#8220;Hashtag\u201c Flavorsdovelho, unsere Marken, Produkte oder Dienstleistungen;<br><br><\/li><li>sich dar\u00fcber im Klaren sein, dass Sie gem\u00e4\u00df den geltenden Gesetzen der Verarbeitung Ihrer Daten f\u00fcr einen oder mehrere der oben beschriebenen Zwecke widersprechen, sie einschr\u00e4nken, korrigieren oder die L\u00f6schung verlangen k\u00f6nnen, indem Sie eine Anfrage an die folgende E-Mail senden: Flavorsdovelho@sapo.pt sowie das Recht, eine Beschwerde bei den zust\u00e4ndigen Beh\u00f6rden einzureichen;<br><br><\/li><li>diese Einwilligung frei und freiwillig erteilen und 16 Jahre oder \u00e4lter sein.<\/li><\/ol>\n\n\n\n<p><strong>DATENSCHUTZ-BESTIMMUNGEN<br><br><\/strong><\/p>\n\n\n\n<p>Bei Kings Old Love, Unipessoal, Lda, nehmen wir Ihre Privatsph\u00e4re ernst. Wir sind bestrebt, Ihre Erfahrung mit unserer Website und unseren Social-Media-Plattformen in einer sicheren Umgebung zu maximieren.<br>ES ISTunsere Richtlinie, Ihre personenbezogenen Daten mit Diskretion zu behandeln und zu sch\u00fctzen. Diese Datenschutzrichtlinie erl\u00e4utert, wie wir Informationen \u00fcber Sie sammeln, sch\u00fctzen, verwenden und weitergeben, online und offline, in der Hoffnung, Ihr Vertrauen in Kings Old Love, Unipessoal, Lda zu st\u00e4rken und Ihre Erfahrung mit uns zu verbessern.<br><br>Bitte beachten Sie, dass diese Datenschutzrichtlinie nur f\u00fcr Informationen gilt, die von Kings Old Love, Unipessoal, Lda gesammelt wurden, und sich nicht auf Informationen erstreckt, die Sie m\u00f6glicherweise auf anderen Websites oder sozialen Plattformen \u00fcbermittelt haben, die von anderen Unternehmen oder Organisationen verwaltet werden, f\u00fcr die wir sie m\u00f6glicherweise \u00fcbermitteln. Diese Datenschutzerkl\u00e4rung gilt nur f\u00fcr diese Website. Bitte lesen Sie die folgenden Bedingungen sorgf\u00e4ltig durch.<\/p>\n\n\n\n<ol><li><strong>Deine Daten<\/strong><\/li><\/ol>\n\n\n\n<p>Kings Old Love, Unipessoal, Lda verpflichtet sich, Ihre personenbezogenen Daten gem\u00e4\u00df der Europ\u00e4ischen Verordnung (EU) 2016\/679 des Europ\u00e4ischen Parlaments und des Rates vom 27. April 2016 zum Schutz nat\u00fcrlicher Personen bei der Verarbeitung von zu verarbeiten personenbezogener Daten und den freien Datenverkehr und zur Aufhebung der Richtlinie 95\/46\/EG (Allgemeine Datenschutzverordnung).<br>Diese Website sammelt keine personenbezogenen Daten \u00fcber Sie, es sei denn, Sie stellen uns diese freiwillig zur Verf\u00fcgung. Das bedeutet, dass wir Ihren Namen, Ihre E-Mail-Adresse oder andere pers\u00f6nliche Informationen nicht kennen, nur weil Sie diese Website besucht haben.<\/p>\n\n\n\n<p><br>Wir erheben Ihre Daten nur, wenn Sie eine Online-Angebotsanfrage oder ein Kontaktformular ausf\u00fcllen. M\u00f6glicherweise werden Sie aufgefordert, Ihren Namen, Ihre Telefonnummer, Ihre E-Mail-Adresse und andere relevante Informationen einzugeben.<\/p>\n\n\n\n<p>Bitte beachten Sie, dass Sie uns, indem Sie uns personenbezogene Daten \u00fcber Sie, wie in dieser Datenschutzrichtlinie beschrieben, zur Verf\u00fcgung stellen, Ihr Einverst\u00e4ndnis geben, diese f\u00fcr die hierin genannten Zwecke zu verwenden.<\/p>\n\n\n\n<ol start=\"2\"><li><strong>Verwendung Ihrer Daten<\/strong><\/li><\/ol>\n\n\n\n<p>Alle Daten, die Sie uns zur Verf\u00fcgung stellen, k\u00f6nnen auf folgende Weise verwendet werden:<\/p>\n\n\n\n<ul><li>Passen Sie Ihre Erfahrung mit uns an<\/li><li>Verbesserung unserer Website in Bezug auf die verf\u00fcgbaren Dienste und Funktionen<\/li><li>unseren gesamten Kundenservice zu verbessern<\/li><li>setze mich mit Ihnen in Verbindung<\/li><li>Verwalten Sie einen Wettbewerb, eine Werbeaktion, eine Umfrage oder eine andere Funktion<\/li><\/ul>\n\n\n\n<p>Ihre Daten, ob \u00f6ffentlich oder privat, werden ohne Ihre Zustimmung aus keinem Grund verkauft, ausgetauscht, \u00fcbertragen oder an andere Unternehmen au\u00dferhalb von Kings Old Love, Unipessoal, Lda weitergegeben.<\/p>\n\n\n\n<p>Wir k\u00f6nnen aggregierte und statistische Informationen verwenden und Dritten zur Verf\u00fcgung stellen, um die Nutzung unserer Website zu \u00fcberwachen, um uns bei der Entwicklung unserer Website und Dienstleistungen zu unterst\u00fctzen. Die verwendeten Daten d\u00fcrfen keine Informationen enthalten, mit denen Personen identifiziert werden k\u00f6nnen.<\/p>\n\n\n\n<p>Die von Ihnen angegebenen Kontaktdaten k\u00f6nnen verwendet werden, um Ihnen Informationen und Aktualisierungen im Zusammenhang mit Ihren Bestellungen zuzusenden, zus\u00e4tzlich erhalten Sie gelegentlich Aktualisierungen von Kings Old Love, Unipessoal, Lda und Informationen \u00fcber verwandte Produkte oder Dienstleistungen.<\/p>\n\n\n\n<p>Wir k\u00f6nnen Sie per E-Mail oder Telefon kontaktieren, um Sie um Ihre Kommentare zu unseren Produkten und Dienstleistungen zu bitten.<\/p>\n\n\n\n<p>Hinweis: Wenn Sie sich zu irgendeinem Zeitpunkt von zuk\u00fcnftigen E-Mails abmelden m\u00f6chten, f\u00fcgen wir am Ende jeder E-Mail detaillierte Anweisungen zum Abbestellen hinzu.<br><br>Kings Old Love, Unipessoal, Lda speichert die Daten seiner Benutzer auf seinen Servern in Portugal und Spanien. Diese Server werden nach den h\u00f6chsten Sicherheitsstandards und zur Einhaltung der geltenden Datenschutzgesetze gesch\u00fctzt und gewartet.<\/p>\n\n\n\n<ol start=\"3\"><li><strong>Schutz Ihrer Informationen<\/strong><\/li><\/ol>\n\n\n\n<p>Wir befolgen Industriestandards, um Ihre Daten w\u00e4hrend der \u00dcbertragung zu sch\u00fctzen, und ergreifen nach Erhalt verschiedene Ma\u00dfnahmen, um die Sicherheit der von Ihnen an uns \u00fcbermittelten personenbezogenen Daten zu gew\u00e4hrleisten.<\/p>\n\n\n\n<p>SIE SOLLTEN JEDOCH BEACHTEN, DASS KEINE METHODE DER \u00dcBERTRAGUNG ODER ELEKTRONISCHEN SPEICHERUNG ZU 100 % SICHER IST.<\/p>\n\n\n\n<p>DAHER K\u00d6NNEN WIR IM GESETZLICH ZUL\u00c4SSIGEN UMFANG NICHT F\u00dcR ANSPR\u00dcCHE HAFTBAR GEMACHT WERDEN. VERLUSTE UND SCH\u00c4DEN, EINSCHLIESSLICH, OHNE EINSCHR\u00c4NKUNG, DIREKTE, INDIREKTE, SONDER-, STRAF-, ZUF\u00c4LLIGE ODER FOLGESCH\u00c4DEN ODER SCH\u00c4DEN, DIE IHNEN ODER EINEM BENUTZER IM ZUSAMMENHANG MIT COMPUTERBETRUG, RISIKEN ODER ANDEREN VERLETZUNGEN ODER UMST\u00c4NDEN ENTSTEHEN, UNTER DENEN IHRE INFORMATIONEN AKZEPTIERT WERDEN ODER WEITERGABE OHNE UNSERE AUSDR\u00dcCKLICHE GENEHMIGUNG.<\/p>\n\n\n\n<ol start=\"4\"><li><strong>Kekse<br><br><\/strong><\/li><\/ol>\n\n\n\n<p>Ein Cookie ist eine kleine Textdatei, die, obwohl sie keine personenbezogenen Informationen sammelt, die eine Identifizierung des Benutzers erm\u00f6glichen, allgemeine Informationen \u00fcber seine Navigation auf seinem Zugriffsger\u00e4t (Mobilger\u00e4t, Computer oder anderes) speichert, die eine sp\u00e4tere schnellere Verwendung erm\u00f6glichen effizient.<br>Ein Cookie an sich identifiziert keinen Benutzer\/Besucher pers\u00f6nlich.<br>Wir k\u00f6nnen Technologien wie \u201eCookies\u201c verwenden, um Sitzungsinformationen aufzuzeichnen, Besuche zu erfassen und auf unsere Webseiten zuzugreifen, die es uns erm\u00f6glichen, unsere Dienste weiter zu verbessern und unseren Website-Benutzern\/Besuchern bessere und n\u00fctzlichere Funktionen bereitzustellen.<\/p>\n\n\n\n<p>Cookies werden empfohlen und haben spezifische Funktionen, um eine bessere und personalisiertere Navigation zu erm\u00f6glichen.<\/p>\n\n\n\n<p>Die Existenz von Cookies hat keinen Einfluss auf die Funktion Ihres Ger\u00e4ts und seines Betriebssystems. Neben den im Cookie abgelegten Informationen werden auch Informationen in der gespeichert&#8220;local storage\u201c Ihres Browsers zum gleichen Zweck wie Cookies.<\/p>\n\n\n\n<p>Es gibt verschiedene Arten von Cookies: solche, die es erm\u00f6glichen, den Benutzer zu identifizieren und die Funktionsweise der Dienste auf den Websites zu verbessern; diejenigen, die die Leistung der Website verbessern, indem sie analysieren, wie Benutzer sie verwenden; solche, die es dem Benutzer erm\u00f6glichen, individueller zu surfen, und solche, die Informationen vom Benutzer \u00fcber Surfgewohnheiten im Internet sammeln, damit die vom Benutzer gesehene Werbung seinen Bed\u00fcrfnissen und Interessen entspricht.<\/p>\n\n\n\n<p>Der Hauptzweck unserer Cookies besteht darin, Ihr Surferlebnis zu verbessern, da sie uns unter anderem dabei helfen, sich an Ihre Pr\u00e4ferenzen zu erinnern. Diese Informationen erm\u00f6glichen es uns auch, unsere Website zu verbessern (z. B. indem die statistische Analyse ihrer Nutzung erm\u00f6glicht wird). Im Hinblick auf diese Zwecke werden Ihre pers\u00f6nlich identifizierbaren Informationen sensibler Natur nicht durch Cookies gespeichert. Die in unseren Cookies enthaltenen Informationen werden nur von uns verwendet, mit Ausnahme derjenigen, die sich auf Google Analytics (verwaltet von Google) beziehen.<\/p>\n\n\n\n<p>Alle Browser erlauben es dem Benutzer, Cookies zu akzeptieren, abzulehnen oder zu l\u00f6schen, und zwar durch Auswahl der entsprechenden Einstellungen im jeweiligen Browser, so dass der Benutzer jederzeit die auf unserer Website verwendeten Cookies teilweise oder vollst\u00e4ndig deaktivieren kann.<\/p>\n\n\n\n<p>Wenn Sie sich entscheiden, Cookies zu deaktivieren, k\u00f6nnen Sie m\u00f6glicherweise nicht auf bestimmte Bereiche unserer Website zugreifen, Ihre Navigation wird weniger effizient und Sie k\u00f6nnen m\u00f6glicherweise keine der Funktionen oder Dienste mehr nutzen.<\/p>\n\n\n\n<p>Hinweis: Diese Liste kann je nach neuen Diensten und Funktionen auf unserer Website mit der Einf\u00fchrung neuer Cookies aktualisiert werden.<br><\/p>\n\n\n\n<ol start=\"5\"><li><strong>So sorgen Sie f\u00fcr Ihre Sicherheit<\/strong><\/li><\/ol>\n\n\n\n<p>Aus Datenschutzgr\u00fcnden raten wir Ihnen, keine personenbezogenen Daten, insbesondere keine sensiblen oder vertraulichen Daten, in die E-Mails aufzunehmen, die Sie uns senden. Bitte senden Sie uns keine Kreditkartennummern oder sensible pers\u00f6nliche Informationen per E-Mail.<\/p>\n\n\n\n<p>Wir erfassen wissentlich keine personenbezogenen Daten von Minderj\u00e4hrigen. Als Elternteil oder Erziehungsberechtigter erlauben Sie Ihren Kindern nicht, pers\u00f6nliche Informationen ohne Ihre Erlaubnis zu \u00fcbermitteln.<\/p>\n\n\n\n<p>WIR SIND NICHT VERANTWORTLICH F\u00dcR DIE IDENTIFIZIERUNG VON DATEN ODER ANDEREN INFORMATIONEN, DIE SIE IN FOREN WIE EINEM KOMMENTARBEREICH ODER EINEM ANDEREN ZUG\u00c4NGLICHEN \u00d6FFENTLICHEN BEREICH, DEN WIR VERWALTEN ODER VERWALTEN, \u00dcBERMITTELN.<\/p>\n\n\n\n<ol start=\"6\"><li><strong>Weitergabe von Informationen an Dritte<\/strong><\/li><\/ol>\n\n\n\n<p>Wir verkaufen, handeln oder \u00fcbertragen Ihre personenbezogenen Daten nicht an Dritte. Dies gilt nicht f\u00fcr vertrauensw\u00fcrdige Dritte, die uns bei der Verwaltung unserer Website, mobilen Anwendungen, der Durchf\u00fchrung unserer Gesch\u00e4fte oder der Bereitstellung von Dienstleistungen f\u00fcr unsere Kunden unterst\u00fctzen, solange diese Parteien zustimmen, solche Informationen vertraulich zu behandeln.<\/p>\n\n\n\n<p>Wir k\u00f6nnen Ihre Informationen auch offenlegen, wenn wir der Meinung sind, dass die Freigabe angemessen ist, um Gesetze einzuhalten, unsere Website-Richtlinien durchzusetzen oder unsere Rechte, unser Eigentum oder unsere Sicherheit zu sch\u00fctzen.<\/p>\n\n\n\n<p>Nicht pers\u00f6nlich identifizierbare Besucherinformationen k\u00f6nnen jedoch anderen Parteien f\u00fcr Marketing-, Werbe- oder andere Zwecke zur Verf\u00fcgung gestellt werden.<\/p>\n\n\n\n<ol start=\"7\"><li><strong>Links von Drittanbietern<\/strong><\/li><\/ol>\n\n\n\n<p>Bitte beachten Sie, dass Sie, obwohl Sie sich auf einer von uns betriebenen Website befinden, auch auf Links zu Websites Dritter verwiesen werden k\u00f6nnen. Von Zeit zu Zeit k\u00f6nnen wir nach unserem Ermessen Dienste von Drittanbietern auf unseren Plattformen integrieren oder anbieten.<\/p>\n\n\n\n<p>Diese Websites von Drittanbietern haben separate und unabh\u00e4ngige Datenschutzrichtlinien. Diese Richtlinien werden nicht von uns verwaltet oder kontrolliert, daher \u00fcbernimmt Kings Old Love, Unipessoal, Lda keine Verantwortung f\u00fcr den Inhalt und die Aktivit\u00e4ten dieser Websites.<\/p>\n\n\n\n<p>Wir sind jedoch bestrebt, die Integrit\u00e4t unserer Website und Plattformen zu sch\u00fctzen, und freuen uns, wenn Sie uns kontaktieren, wenn Sie uns Ihr Feedback dazu zukommen lassen m\u00f6chten. Wir empfehlen Ihnen au\u00dferdem, die Allgemeinen Gesch\u00e4ftsbedingungen und Datenschutzrichtlinien dieser verlinkten Websites sorgf\u00e4ltig zu lesen, bevor Sie Informationen oder personenbezogene Daten \u00fcbermitteln.<\/p>\n\n\n\n<ol start=\"8\"><li><strong>Ihre Zustimmung<\/strong><\/li><\/ol>\n\n\n\n<p>Durch die Nutzung unserer Website und Plattformen stimmen Sie unserer Datenschutzrichtlinie zu.<\/p>\n\n\n\n<ol start=\"9\"><li><strong>Aufbewahrungsfrist Ihrer Daten<\/strong><\/li><\/ol>\n\n\n\n<p>Es ist erw\u00e4hnenswert, dass die personenbezogenen Daten, die Sie uns zur Verf\u00fcgung stellen, aufbewahrt werden, bis Sie deren Entfernung verlangen.<\/p>\n\n\n\n<ol start=\"10\"><li><strong>Urheberrechte \u00a9<\/strong><\/li><\/ol>\n\n\n\n<p>Die Videos, T\u00f6ne, Bilder und alle Informationen auf dieser Website d\u00fcrfen ohne vorherige Genehmigung von Kings Old Love, Unipessoal, Lda, nicht kopiert, verbreitet, ver\u00e4ndert oder auf digitalen Plattformen platziert werden.<\/p>\n\n\n\n<ol start=\"11\"><li><strong>deine Rechte<\/strong><\/li><\/ol>\n\n\n\n<p>Da wir sicherstellen m\u00f6chten, dass Sie sich Ihrer Rechte und geltender Gesetze bewusst sind, m\u00f6chten wir Sie \u00fcber Folgendes informieren:<\/p>\n\n\n\n<ul><li>Ihre personenbezogenen Daten geh\u00f6ren Ihnen. Als solches haben Sie das Recht, auf ihre Behandlung zuzugreifen, sie zu berichtigen, einzuschr\u00e4nken, zu l\u00f6schen und ihr zu widersprechen sowie sie von Kings Old Love, Unipessoal, Lda zu erhalten.<\/li><li>Wir werden uns bem\u00fchen, Ihre personenbezogenen Daten gem\u00e4\u00df den besten Industriestandards auf dem neuesten Stand zu halten und zu sch\u00fctzen.<\/li><li>Sie haben das Recht, eine Beschwerde bei der zust\u00e4ndigen Datenschutzbeh\u00f6rde einzureichen. In Portugal ist diese Beh\u00f6rde die Nationale Datenschutzkommission (&#8222;CNPD\u201c). Weitere Informationen \u00fcber die CNPD sind \u00fcber die Website erh\u00e4ltlich<a href=\"http:\/\/www.cnpd.pt\/\">www.cnpd.pt<\/a><\/li><\/ul>\n\n\n\n<p>Um Ihre Rechte auf Zugang, Berichtigung, L\u00f6schung, Sperrung oder Widerspruch gegen die Verarbeitung personenbezogener Daten auszu\u00fcben, die Sie gem\u00e4\u00df den Bestimmungen des Gesetzes Nr. E-Mail-Adresse: sabordovelho@sapo.pt (Firmen-E-Mail)<\/p>\n\n\n\n<ol start=\"12\"><li><strong>Anwendbares Recht<\/strong><\/li><\/ol>\n\n\n\n<p>Diese Nutzungsbedingungen und Nutzungsbedingungen werden in \u00dcbereinstimmung mit den geltenden Gesetzen geregelt und erstellt. Jeder Konflikt oder jede abweichende Auslegung wird dem zust\u00e4ndigen Gericht vorgelegt.<\/p>\n\n\n\n<ol start=\"13\"><li><strong>\u00c4nderungen an unserer Datenschutzrichtlinie<\/strong><\/li><\/ol>\n\n\n\n<p>Wir behalten uns das Recht vor, diese Datenschutzrichtlinie ohne weitere Zustimmung zu aktualisieren, zu \u00e4ndern oder zu l\u00f6schen. Wir werden \u00c4nderungen auf unserer Website sowie durch eine Mitteilung an die angegebenen Kontaktm\u00f6glichkeiten bekannt geben. Ihre fortgesetzte Nutzung unserer Website, Anwendungen, Dienste und Funktionen, die nach einer solchen Mitteilung angeboten werden, setzt Ihre Zustimmung zu solchen \u00c4nderungen voraus.<\/p>\n\n\n\n<p>Die aktuelle Version wurde am 18. Februar 2022 ver\u00f6ffentlicht.<\/p>\n\n\n\n<ol start=\"14\"><li><strong>kontaktiere uns<\/strong><\/li><\/ol>\n\n\n\n<p>Wenn Sie Fragen zu dieser Datenschutzrichtlinie haben oder eines Ihrer oben genannten Rechte aus\u00fcben m\u00f6chten, kontaktieren Sie uns bitte unter:<\/p>\n\n\n\n<p>Telefon: 296 989 340<\/p>\n\n\n\n<p>Email:<a href=\"mailto:saboresdovelho@sapo.pt\">Aromendovelho@sapo.pt<\/a><\/p>\n","protected":false},"excerpt":{"rendered":"<p>GDPR &#8211; Allgemeines Datenschutzregime Datenschutzrichtlinie | Nutzungsbedingungen und Nutzung ERKL\u00c4RUNG UND ZUSTIMMUNG zur DATENSCHUTZERKL\u00c4RUNG Indem Sie diese Datenschutzrichtlinie akzeptieren, autorisieren Sie Kings Old Love, Unipessoal, Lda, juristische Personennummer 513228187, mit Hauptsitz in R. DA PRA\u00c7A 14, 9545-125, CAPELAS PONTA DELGADA, Ihre personenbezogenen Daten aus Ihrem Registrierungsformular zu verarbeiten der Sie best\u00e4tigen, dass Sie der Eigent\u00fcmer [&hellip;]<\/p>\n","protected":false},"author":1,"featured_media":0,"parent":0,"menu_order":0,"comment_status":"closed","ping_status":"closed","template":"","meta":[],"yoast_head":"<!-- This site is optimized with the Yoast SEO plugin v17.9 - https:\/\/yoast.com\/wordpress\/plugins\/seo\/ -->\n<title>Datenschutz-Bestimmungen - Sabores do Velho<\/title>\n<meta name=\"description\" content=\"Die Datenschutzerkl\u00e4rung soll den Schutz der personenbezogenen Daten unserer Kunden und Nutzer unserer Dienste gew\u00e4hrleisten.\" \/>\n<meta name=\"robots\" content=\"index, follow, max-snippet:-1, max-image-preview:large, max-video-preview:-1\" \/>\n<link rel=\"canonical\" href=\"https:\/\/saboresdovelho.com\/de\/datenschutz-bestimmungen\/\" \/>\n<meta property=\"og:locale\" content=\"de_DE\" \/>\n<meta property=\"og:type\" content=\"article\" \/>\n<meta property=\"og:title\" content=\"Datenschutz-Bestimmungen - Sabores do Velho\" \/>\n<meta property=\"og:description\" content=\"Die Datenschutzerkl\u00e4rung soll den Schutz der personenbezogenen Daten unserer Kunden und Nutzer unserer Dienste gew\u00e4hrleisten.\" \/>\n<meta property=\"og:url\" content=\"https:\/\/saboresdovelho.com\/de\/datenschutz-bestimmungen\/\" \/>\n<meta property=\"og:site_name\" content=\"Sabores do Velho\" \/>\n<meta property=\"article:modified_time\" content=\"2022-05-05T16:00:11+00:00\" \/>\n<meta name=\"twitter:card\" content=\"summary_large_image\" \/>\n<meta name=\"twitter:label1\" content=\"Gesch\u00e4tzte Lesezeit\" \/>\n\t<meta name=\"twitter:data1\" content=\"11 Minuten\" \/>\n<script type=\"application\/ld+json\" class=\"yoast-schema-graph\">{\"@context\":\"https:\/\/schema.org\",\"@graph\":[{\"@type\":\"WebSite\",\"@id\":\"https:\/\/saboresdovelho.com\/#website\",\"url\":\"https:\/\/saboresdovelho.com\/\",\"name\":\"Sabores do Velho\",\"description\":\"\",\"potentialAction\":[{\"@type\":\"SearchAction\",\"target\":{\"@type\":\"EntryPoint\",\"urlTemplate\":\"https:\/\/saboresdovelho.com\/?s={search_term_string}\"},\"query-input\":\"required name=search_term_string\"}],\"inLanguage\":\"de-DE\"},{\"@type\":\"WebPage\",\"@id\":\"https:\/\/saboresdovelho.com\/de\/datenschutz-bestimmungen\/#webpage\",\"url\":\"https:\/\/saboresdovelho.com\/de\/datenschutz-bestimmungen\/\",\"name\":\"Datenschutz-Bestimmungen - Sabores do Velho\",\"isPartOf\":{\"@id\":\"https:\/\/saboresdovelho.com\/#website\"},\"datePublished\":\"2022-01-20T17:18:51+00:00\",\"dateModified\":\"2022-05-05T16:00:11+00:00\",\"description\":\"Die Datenschutzerkl\\u00e4rung soll den Schutz der personenbezogenen Daten unserer Kunden und Nutzer unserer Dienste gew\\u00e4hrleisten.\",\"breadcrumb\":{\"@id\":\"https:\/\/saboresdovelho.com\/de\/datenschutz-bestimmungen\/#breadcrumb\"},\"inLanguage\":\"de-DE\",\"potentialAction\":[{\"@type\":\"ReadAction\",\"target\":[\"https:\/\/saboresdovelho.com\/de\/datenschutz-bestimmungen\/\"]}]},{\"@type\":\"BreadcrumbList\",\"@id\":\"https:\/\/saboresdovelho.com\/de\/datenschutz-bestimmungen\/#breadcrumb\",\"itemListElement\":[{\"@type\":\"ListItem\",\"position\":1,\"name\":\"In\\u00edcio\",\"item\":\"https:\/\/saboresdovelho.com\/de\/\"},{\"@type\":\"ListItem\",\"position\":2,\"name\":\"Datenschutz-Bestimmungen\"}]}]}<\/script>\n<!-- \/ Yoast SEO plugin. -->","yoast_head_json":{"title":"Datenschutz-Bestimmungen - Sabores do Velho","description":"Die Datenschutzerkl\u00e4rung soll den Schutz der personenbezogenen Daten unserer Kunden und Nutzer unserer Dienste gew\u00e4hrleisten.","robots":{"index":"index","follow":"follow","max-snippet":"max-snippet:-1","max-image-preview":"max-image-preview:large","max-video-preview":"max-video-preview:-1"},"canonical":"https:\/\/saboresdovelho.com\/de\/datenschutz-bestimmungen\/","og_locale":"de_DE","og_type":"article","og_title":"Datenschutz-Bestimmungen - Sabores do Velho","og_description":"Die Datenschutzerkl\u00e4rung soll den Schutz der personenbezogenen Daten unserer Kunden und Nutzer unserer Dienste gew\u00e4hrleisten.","og_url":"https:\/\/saboresdovelho.com\/de\/datenschutz-bestimmungen\/","og_site_name":"Sabores do Velho","article_modified_time":"2022-05-05T16:00:11+00:00","twitter_card":"summary_large_image","twitter_misc":{"Gesch\u00e4tzte Lesezeit":"11 Minuten"},"schema":{"@context":"https:\/\/schema.org","@graph":[{"@type":"WebSite","@id":"https:\/\/saboresdovelho.com\/#website","url":"https:\/\/saboresdovelho.com\/","name":"Sabores do Velho","description":"","potentialAction":[{"@type":"SearchAction","target":{"@type":"EntryPoint","urlTemplate":"https:\/\/saboresdovelho.com\/?s={search_term_string}"},"query-input":"required name=search_term_string"}],"inLanguage":"de-DE"},{"@type":"WebPage","@id":"https:\/\/saboresdovelho.com\/de\/datenschutz-bestimmungen\/#webpage","url":"https:\/\/saboresdovelho.com\/de\/datenschutz-bestimmungen\/","name":"Datenschutz-Bestimmungen - Sabores do Velho","isPartOf":{"@id":"https:\/\/saboresdovelho.com\/#website"},"datePublished":"2022-01-20T17:18:51+00:00","dateModified":"2022-05-05T16:00:11+00:00","description":"Die Datenschutzerkl\u00e4rung soll den Schutz der personenbezogenen Daten unserer Kunden und Nutzer unserer Dienste gew\u00e4hrleisten.","breadcrumb":{"@id":"https:\/\/saboresdovelho.com\/de\/datenschutz-bestimmungen\/#breadcrumb"},"inLanguage":"de-DE","potentialAction":[{"@type":"ReadAction","target":["https:\/\/saboresdovelho.com\/de\/datenschutz-bestimmungen\/"]}]},{"@type":"BreadcrumbList","@id":"https:\/\/saboresdovelho.com\/de\/datenschutz-bestimmungen\/#breadcrumb","itemListElement":[{"@type":"ListItem","position":1,"name":"In\u00edcio","item":"https:\/\/saboresdovelho.com\/de\/"},{"@type":"ListItem","position":2,"name":"Datenschutz-Bestimmungen"}]}]}},"_links":{"self":[{"href":"https:\/\/saboresdovelho.com\/de\/wp-json\/wp\/v2\/pages\/7550"}],"collection":[{"href":"https:\/\/saboresdovelho.com\/de\/wp-json\/wp\/v2\/pages"}],"about":[{"href":"https:\/\/saboresdovelho.com\/de\/wp-json\/wp\/v2\/types\/page"}],"author":[{"embeddable":true,"href":"https:\/\/saboresdovelho.com\/de\/wp-json\/wp\/v2\/users\/1"}],"replies":[{"embeddable":true,"href":"https:\/\/saboresdovelho.com\/de\/wp-json\/wp\/v2\/comments?post=7550"}],"version-history":[{"count":3,"href":"https:\/\/saboresdovelho.com\/de\/wp-json\/wp\/v2\/pages\/7550\/revisions"}],"predecessor-version":[{"id":8538,"href":"https:\/\/saboresdovelho.com\/de\/wp-json\/wp\/v2\/pages\/7550\/revisions\/8538"}],"wp:attachment":[{"href":"https:\/\/saboresdovelho.com\/de\/wp-json\/wp\/v2\/media?parent=7550"}],"curies":[{"name":"wp","href":"https:\/\/api.w.org\/{rel}","templated":true}]}}