{"id":7558,"date":"2022-01-20T17:24:09","date_gmt":"2022-01-20T17:24:09","guid":{"rendered":"https:\/\/saboresdovelho.com\/ueber-uns\/"},"modified":"2022-05-05T15:51:35","modified_gmt":"2022-05-05T15:51:35","slug":"uber-uns","status":"publish","type":"page","link":"https:\/\/saboresdovelho.com\/de\/uber-uns\/","title":{"rendered":"\u00dcber uns"},"content":{"rendered":"<p>[vc_row css=&#8220;.vc_custom_1422335093421{padding-bottom: 60px !important;}&#8220;][vc_column][vc_column_text]<div class=\"wpb_column column_container col-md-12\">\r\n\t\t<div class=\"vc_column-inner wpb_wrapper\">\r\n\t\t\t<div class=\"wpb_text_column wpb_content_element  vc_custom_1419502584515\">\r\n\t\t\t\t\t<div class=\"wpb_wrapper custom-text-bigger\">\r\n\t\t\t\t\t\t<p>Das Restaurant Sabores do Velho wurde 1985 gegr\u00fcndet und befindet sich in der Gemeinde Capelas, die zur Gemeinde Ponta Delgada geh\u00f6rt. Es ist ein Familienrestaurant, inspiriert von der traditionellen portugiesischen K\u00fcche und mit ansprechenden Gerichten, von denen einige in einem Holzofen zubereitet werden, n\u00e4mlich unser ber\u00fchmter Oktopus, Tintenfisch \u00e0 casa, Bacalhau de Natas.<\/p>\n<p>Wir sind Verfechter des Erlebens neuer Geschmacksrichtungen in Kombination mit Tradition. F\u00fcr die Zubereitung unserer Gerichte w\u00e4hlen wir stets regionale Zutaten und die Qualit\u00e4t der Rohstoffe von den Azoren, was zu der fantastischen Geschmackskombination f\u00fchrt, die Sie in unserem Restaurant probieren k\u00f6nnen.<\/p>\n<p>Die Freundlichkeit unseres Personals ist eines der Merkmale des Restaurants, sodass Sie sicher sein k\u00f6nnen, dass Sie gut aufgenommen werden und sich wie zu Hause f\u00fchlen werden.<\/p>\n<p>Wir haben Gerichte f\u00fcr jeden Geschmack zu attraktiven Preisen, darunter regionales Steak mit Ahnensauce im Holzofen, Oktopus, hausgemachter Tintenfisch, Sahnekabeljau. frisch gegrillte Napfschnecken, ber\u00fchmte Wurst mit gebratenem Maisbrot, Blutwurst mit Ananas von den Azoren und viele weitere Optionen f\u00fcr Sie.<\/p>\n\r\n\t\t\t\t\t<\/div>\r\n\t\t\t<\/div>\r\n\t\t<\/div>\r\n\t<\/div>[\/vc_column_text][\/vc_column][\/vc_row][vc_row full_width=&#8220;stretch_row_content_no_spaces&#8220; row_fullwidth=&#8220;yes&#8220;][vc_column][vc_column_text]<\/p>\n<div>\n<div><div class=\"vc_row wpb_row st bg-holder vc_row-has-fill vc_row-no-padding bg-parallax\" style=\"background-image:url(https:\/\/saboresdovelho.com\/wp-content\/uploads\/2022\/02\/DSC09790-scaled.jpg);\r\n\tbackground-position: center;\r\n\tbackground-repeat: no-repeat;\r\n\tbackground-size: cover;\r\n\tpadding-top:6rem;\r\n\tpadding-bottom:6rem;\">\r\n\t\t <div class=\"container \">\r\n\t\t\t\t<div class=\"row\">\r\n\t\t\t\t\t <div class=\"wpb_column column_container col-md-12\">\r\n\t\t\t\t\t\t\t<div class=\"vc_column-inner wpb_wrapper\">\r\n\t\t\t\t\t\t\t\t <div class=\"vc_row wpb_row vc_inner\">\r\n\t\t\t\t\t\t\t\t\t\t<div class=\"wpb_column column_container col-md-12\">\r\n\t\t\t\t\t\t\t\t\t\t\t <div class=\"vc_column-inner\">\r\n\t\t\t\t\t\t\t\t\t\t\t\t\t<div class=\"wpb_wrapper\">\r\n\t\t\t\t\t\t\t\t\t\t\t\t\t\t <div class=\"wpb_text_column wpb_content_element  vc_custom_1416541042232  text-white\">\r\n\t\t\t\t\t\t\t\t\t\t\t\t\t\t\t\t<div class=\"wpb_wrapper\" style=\"min-height:20rem\">\r\n\t\t\t\t\t\t\t\t\t\t\t\t\t\t\t\t\t\r\n\t\t\t\t\t\t\t\t\t\t\t\t\t\t\t\t<\/div>\r\n\t\t\t\t\t\t\t\t\t\t\t\t\t\t <\/div>\r\n\t\t\t\t\t\t\t\t\t\t\t\t\t<\/div>\r\n\t\t\t\t\t\t\t\t\t\t\t <\/div>\r\n\t\t\t\t\t\t\t\t\t\t<\/div>\r\n\t\t\t\t\t\t\t\t <\/div>\r\n\t\t\t\t\t\t\t<\/div>\r\n\t\t\t\t\t <\/div>\r\n\t\t\t\t<\/div>\r\n\t\t <\/div>\r\n\t<\/div><\/div>\n<\/div>\n<p>[\/vc_column_text][\/vc_column][\/vc_row][vc_row][vc_column][vc_column_text]<div class=\"vc_column-inner wpb_wrapper\">\r\n\t\t<div class=\"wpb_text_column wpb_content_element \">\r\n\t\t\t\t<div class=\"wpb_wrapper\">\r\n\t\t\t\t\t<div class=\"gap\"><\/div>\r\n\t\t\t\t\t<h2>Wichtige Meilensteine<\/h2>\r\n\t\t\t\t\t<div class=\"custom-text-bigger\"><p>Das Restaurant Sabores do Velho wurde 1985 gegr\u00fcndet, aber davor war dieser Raum:<br \/>\n\u2028I - Haus aus dem 18. Jahrhundert als Wohnhaus.\u2028<br \/>\nII - Haus der Escrovoas (Escrov\u00e3o-Haus)<br \/>\n\u2028III- 1950 \u2013 Capelense Sport Clube<br \/>\n\u2028IV- 1950 - Friseur und Schuhmacher<br \/>\n\u2028V \u2013 1966 \u2013 Volkserholungszentrum der Kapellen\u2028<br \/>\nVI \u2013 1972 \u2013 Erste gemischte Schule (seit 12 Jahren)\u2028<br \/>\nVII - Wohnen<br \/>\n\u2028VIII \u2013 1985 \u2013 Solar Velho \u2013 Gewerbefl\u00e4chen<br \/>\n\u2028IX \u2013 2005 \u2013 JuvCap \u2013 Jugendkapellenverband<\/p>\n<\/div>\r\n\t\t\t\t\t<div class=\"gap\"><\/div>\r\n\t\t\t\t<\/div>\r\n\t\t<\/div>\r\n\t<\/div>[\/vc_column_text][\/vc_column][\/vc_row][vc_row disable_element=&#8220;yes&#8220;][vc_column][vc_column_text]<div class=\"vc_column-inner wpb_wrapper\">\r\n\t\t<div class=\"wpb_text_column wpb_content_element \">\r\n\t\t\t\t<div class=\"wpb_wrapper\">\r\n\t\t\t\t\t<div class=\"gap\"><\/div>\r\n\t\t\t\t\t<h2>Partner<\/h2>\r\n\t\t\t\t\t<div class=\"custom-text-bigger\"><p>Lorem Ipsum is simply dummy text of the printing and typesetting industry. Lorem Ipsum has been the industry's standard dummy text ever since the 1500s, when an unknown printer took a galley of type and scrambled it to make a type specimen book.<\/p>\n<\/div>\r\n\t\t\t\t\t<div class=\"gap\"><\/div>\r\n\t\t\t\t<\/div>\r\n\t\t<\/div>\r\n\t<\/div>\r\n\t[\/vc_column_text][\/vc_column][\/vc_row][vc_row full_width=&#8220;stretch_row_content_no_spaces&#8220; disable_element=&#8220;yes&#8220;][vc_column][vc_column_text]<div class=\"vc_row wpb_row st bg-holder st_overflow vc_row-no-padding\" >\r\n\t\t <div class=\"container \">\r\n\t\t\t\t<div class=\"row\">\r\n\t\t\t\t\t\r\n\t\t\t\t<\/div>\r\n\t\t\t\t<!--End .row-->\r\n\t\t <\/div>\r\n\t\t <!--End .container-->\r\n\t<\/div>[\/vc_column_text][\/vc_column][\/vc_row]<\/p>\n","protected":false},"excerpt":{"rendered":"<p>[vc_row css=&#8220;.vc_custom_1422335093421{padding-bottom: 60px !important;}&#8220;][vc_column][vc_column_text][\/vc_column_text][\/vc_column][\/vc_row][vc_row full_width=&#8220;stretch_row_content_no_spaces&#8220; row_fullwidth=&#8220;yes&#8220;][vc_column][vc_column_text] [\/vc_column_text][\/vc_column][\/vc_row][vc_row][vc_column][vc_column_text][\/vc_column_text][\/vc_column][\/vc_row][vc_row disable_element=&#8220;yes&#8220;][vc_column][vc_column_text][\/vc_column_text][\/vc_column][\/vc_row][vc_row full_width=&#8220;stretch_row_content_no_spaces&#8220; disable_element=&#8220;yes&#8220;][vc_column][vc_column_text][\/vc_column_text][\/vc_column][\/vc_row]<\/p>\n","protected":false},"author":1,"featured_media":0,"parent":0,"menu_order":0,"comment_status":"closed","ping_status":"closed","template":"","meta":[],"yoast_head":"<!-- This site is optimized with the Yoast SEO plugin v17.9 - https:\/\/yoast.com\/wordpress\/plugins\/seo\/ -->\n<title>\u00dcber uns - Sabores do Velho - S\u00e3o Miguel Azores<\/title>\n<meta name=\"description\" content=\"Erfahren Sie mehr \u00fcber das Restaurant Flavours do Velho. Wir sind bereits Teil von S\u00e3o Miguel auf den Azores und m\u00f6chten.\" \/>\n<meta name=\"robots\" content=\"index, follow, max-snippet:-1, max-image-preview:large, max-video-preview:-1\" \/>\n<link rel=\"canonical\" href=\"https:\/\/saboresdovelho.com\/de\/uber-uns\/\" \/>\n<meta property=\"og:locale\" content=\"de_DE\" \/>\n<meta property=\"og:type\" content=\"article\" \/>\n<meta property=\"og:title\" content=\"\u00dcber uns - Sabores do Velho - S\u00e3o Miguel Azores\" \/>\n<meta property=\"og:description\" content=\"Erfahren Sie mehr \u00fcber das Restaurant Flavours do Velho. Wir sind bereits Teil von S\u00e3o Miguel auf den Azores und m\u00f6chten.\" \/>\n<meta property=\"og:url\" content=\"https:\/\/saboresdovelho.com\/de\/uber-uns\/\" \/>\n<meta property=\"og:site_name\" content=\"Sabores do Velho\" \/>\n<meta property=\"article:modified_time\" content=\"2022-05-05T15:51:35+00:00\" \/>\n<meta name=\"twitter:card\" content=\"summary_large_image\" \/>\n<meta name=\"twitter:label1\" content=\"Gesch\u00e4tzte Lesezeit\" \/>\n\t<meta name=\"twitter:data1\" content=\"1 Minute\" \/>\n<script type=\"application\/ld+json\" class=\"yoast-schema-graph\">{\"@context\":\"https:\/\/schema.org\",\"@graph\":[{\"@type\":\"WebSite\",\"@id\":\"https:\/\/saboresdovelho.com\/#website\",\"url\":\"https:\/\/saboresdovelho.com\/\",\"name\":\"Sabores do Velho\",\"description\":\"\",\"potentialAction\":[{\"@type\":\"SearchAction\",\"target\":{\"@type\":\"EntryPoint\",\"urlTemplate\":\"https:\/\/saboresdovelho.com\/?s={search_term_string}\"},\"query-input\":\"required name=search_term_string\"}],\"inLanguage\":\"de-DE\"},{\"@type\":\"WebPage\",\"@id\":\"https:\/\/saboresdovelho.com\/de\/uber-uns\/#webpage\",\"url\":\"https:\/\/saboresdovelho.com\/de\/uber-uns\/\",\"name\":\"\\u00dcber uns - Sabores do Velho - S\\u00e3o Miguel Azores\",\"isPartOf\":{\"@id\":\"https:\/\/saboresdovelho.com\/#website\"},\"datePublished\":\"2022-01-20T17:24:09+00:00\",\"dateModified\":\"2022-05-05T15:51:35+00:00\",\"description\":\"Erfahren Sie mehr \\u00fcber das Restaurant Flavours do Velho. Wir sind bereits Teil von S\\u00e3o Miguel auf den Azores und m\\u00f6chten.\",\"breadcrumb\":{\"@id\":\"https:\/\/saboresdovelho.com\/de\/uber-uns\/#breadcrumb\"},\"inLanguage\":\"de-DE\",\"potentialAction\":[{\"@type\":\"ReadAction\",\"target\":[\"https:\/\/saboresdovelho.com\/de\/uber-uns\/\"]}]},{\"@type\":\"BreadcrumbList\",\"@id\":\"https:\/\/saboresdovelho.com\/de\/uber-uns\/#breadcrumb\",\"itemListElement\":[{\"@type\":\"ListItem\",\"position\":1,\"name\":\"In\\u00edcio\",\"item\":\"https:\/\/saboresdovelho.com\/de\/\"},{\"@type\":\"ListItem\",\"position\":2,\"name\":\"\\u00dcber uns\"}]}]}<\/script>\n<!-- \/ Yoast SEO plugin. -->","yoast_head_json":{"title":"\u00dcber uns - Sabores do Velho - S\u00e3o Miguel Azores","description":"Erfahren Sie mehr \u00fcber das Restaurant Flavours do Velho. Wir sind bereits Teil von S\u00e3o Miguel auf den Azores und m\u00f6chten.","robots":{"index":"index","follow":"follow","max-snippet":"max-snippet:-1","max-image-preview":"max-image-preview:large","max-video-preview":"max-video-preview:-1"},"canonical":"https:\/\/saboresdovelho.com\/de\/uber-uns\/","og_locale":"de_DE","og_type":"article","og_title":"\u00dcber uns - Sabores do Velho - S\u00e3o Miguel Azores","og_description":"Erfahren Sie mehr \u00fcber das Restaurant Flavours do Velho. Wir sind bereits Teil von S\u00e3o Miguel auf den Azores und m\u00f6chten.","og_url":"https:\/\/saboresdovelho.com\/de\/uber-uns\/","og_site_name":"Sabores do Velho","article_modified_time":"2022-05-05T15:51:35+00:00","twitter_card":"summary_large_image","twitter_misc":{"Gesch\u00e4tzte Lesezeit":"1 Minute"},"schema":{"@context":"https:\/\/schema.org","@graph":[{"@type":"WebSite","@id":"https:\/\/saboresdovelho.com\/#website","url":"https:\/\/saboresdovelho.com\/","name":"Sabores do Velho","description":"","potentialAction":[{"@type":"SearchAction","target":{"@type":"EntryPoint","urlTemplate":"https:\/\/saboresdovelho.com\/?s={search_term_string}"},"query-input":"required name=search_term_string"}],"inLanguage":"de-DE"},{"@type":"WebPage","@id":"https:\/\/saboresdovelho.com\/de\/uber-uns\/#webpage","url":"https:\/\/saboresdovelho.com\/de\/uber-uns\/","name":"\u00dcber uns - Sabores do Velho - S\u00e3o Miguel Azores","isPartOf":{"@id":"https:\/\/saboresdovelho.com\/#website"},"datePublished":"2022-01-20T17:24:09+00:00","dateModified":"2022-05-05T15:51:35+00:00","description":"Erfahren Sie mehr \u00fcber das Restaurant Flavours do Velho. Wir sind bereits Teil von S\u00e3o Miguel auf den Azores und m\u00f6chten.","breadcrumb":{"@id":"https:\/\/saboresdovelho.com\/de\/uber-uns\/#breadcrumb"},"inLanguage":"de-DE","potentialAction":[{"@type":"ReadAction","target":["https:\/\/saboresdovelho.com\/de\/uber-uns\/"]}]},{"@type":"BreadcrumbList","@id":"https:\/\/saboresdovelho.com\/de\/uber-uns\/#breadcrumb","itemListElement":[{"@type":"ListItem","position":1,"name":"In\u00edcio","item":"https:\/\/saboresdovelho.com\/de\/"},{"@type":"ListItem","position":2,"name":"\u00dcber uns"}]}]}},"_links":{"self":[{"href":"https:\/\/saboresdovelho.com\/de\/wp-json\/wp\/v2\/pages\/7558"}],"collection":[{"href":"https:\/\/saboresdovelho.com\/de\/wp-json\/wp\/v2\/pages"}],"about":[{"href":"https:\/\/saboresdovelho.com\/de\/wp-json\/wp\/v2\/types\/page"}],"author":[{"embeddable":true,"href":"https:\/\/saboresdovelho.com\/de\/wp-json\/wp\/v2\/users\/1"}],"replies":[{"embeddable":true,"href":"https:\/\/saboresdovelho.com\/de\/wp-json\/wp\/v2\/comments?post=7558"}],"version-history":[{"count":9,"href":"https:\/\/saboresdovelho.com\/de\/wp-json\/wp\/v2\/pages\/7558\/revisions"}],"predecessor-version":[{"id":8533,"href":"https:\/\/saboresdovelho.com\/de\/wp-json\/wp\/v2\/pages\/7558\/revisions\/8533"}],"wp:attachment":[{"href":"https:\/\/saboresdovelho.com\/de\/wp-json\/wp\/v2\/media?parent=7558"}],"curies":[{"name":"wp","href":"https:\/\/api.w.org\/{rel}","templated":true}]}}