{"id":7533,"date":"2022-01-20T17:09:15","date_gmt":"2022-01-20T17:09:15","guid":{"rendered":"https:\/\/saboresdovelho.com\/groupes\/"},"modified":"2022-05-17T14:52:42","modified_gmt":"2022-05-17T14:52:42","slug":"diners-de-groupe","status":"publish","type":"page","link":"https:\/\/saboresdovelho.com\/fr\/diners-de-groupe\/","title":{"rendered":"Groupes"},"content":{"rendered":"<p>[vc_row css=\u00a0\u00bb.vc_custom_1422335093421{padding-bottom: 60px !important;}\u00a0\u00bb][vc_column][vc_column_text]<div class=\"wpb_column column_container col-md-12\">\r\n\t\t<div class=\"vc_column-inner wpb_wrapper\">\r\n\t\t\t<div class=\"wpb_text_column wpb_content_element  vc_custom_1419502584515\">\r\n\t\t\t\t\t<div class=\"wpb_wrapper custom-text-bigger\">\r\n\t\t\t\t\t\t<p>Si vous souhaitez passer un moment agr\u00e9able en compagnie de vos amis ou de votre famille, organiser une f\u00eate d'anniversaire ou c\u00e9l\u00e9brer une autre date sp\u00e9ciale, nous avons la solution pour vous \u00e0 tout moment de la journ\u00e9e.<br \/>\nVous pouvez profiter de notre espace avec une capacit\u00e9 int\u00e9rieure de 40+20, une capacit\u00e9 ext\u00e9rieure de 20+30+100 personnes, o\u00f9 nous avons plusieurs options \u00e0 votre choix, \u00e0 savoir un buffet vari\u00e9, des menus de d\u00e9gustation et plusieurs options de boissons, afin que vous puissiez passer une agr\u00e9able soir\u00e9e accompagn\u00e9e d'un d\u00e9licieux repas adapt\u00e9 \u00e0 toute occasion.<br \/>\nPour effectuer votre r\u00e9servation et obtenir des informations suppl\u00e9mentaires sur les d\u00eeners de groupe, veuillez nous contacter au 296 989 340, 914229699.<\/p>\n\r\n\t\t\t\t\t<\/div>\r\n\t\t\t<\/div>\r\n\t\t<\/div>\r\n\t<\/div>[\/vc_column_text][\/vc_column][\/vc_row][vc_row full_width=\u00a0\u00bbstretch_row_content_no_spaces\u00a0\u00bb row_fullwidth=\u00a0\u00bbyes\u00a0\u00bb parallax_class=\u00a0\u00bbyes\u00a0\u00bb][vc_column][vc_column_text]<div class=\"vc_row wpb_row st bg-holder vc_row-has-fill vc_row-no-padding bg-parallax\" style=\"background-image:url(https:\/\/saboresdovelho.com\/wp-content\/uploads\/2022\/02\/DSC09845-scaled.jpg);\r\n\tbackground-position: center;\r\n\tbackground-repeat: no-repeat;\r\n\tbackground-size: cover;\r\n\tpadding-top:6rem;\r\n\tpadding-bottom:6rem;\">\r\n\t\t <div class=\"container \">\r\n\t\t\t\t<div class=\"row\">\r\n\t\t\t\t\t <div class=\"wpb_column column_container col-md-12\">\r\n\t\t\t\t\t\t\t<div class=\"vc_column-inner wpb_wrapper\">\r\n\t\t\t\t\t\t\t\t <div class=\"vc_row wpb_row vc_inner\">\r\n\t\t\t\t\t\t\t\t\t\t<div class=\"wpb_column column_container col-md-12\">\r\n\t\t\t\t\t\t\t\t\t\t\t <div class=\"vc_column-inner\">\r\n\t\t\t\t\t\t\t\t\t\t\t\t\t<div class=\"wpb_wrapper\">\r\n\t\t\t\t\t\t\t\t\t\t\t\t\t\t <div class=\"wpb_text_column wpb_content_element  vc_custom_1416541042232  text-white\">\r\n\t\t\t\t\t\t\t\t\t\t\t\t\t\t\t\t<div class=\"wpb_wrapper\" >\r\n\t\t\t\t\t\t\t\t\t\t\t\t\t\t\t\t<h2 style=\"font-weight:bold\">Buffet et menu d\u00e9gustation pour les groupes de moins de 20 personnes<\/h2>\r\n\t\t\t\t\t\t\t\t\t\t\t\t\t\t\t\t<\/div>\r\n\t\t\t\t\t\t\t\t\t\t\t\t\t\t <\/div>\r\n\t\t\t\t\t\t\t\t\t\t\t\t\t<\/div>\r\n\t\t\t\t\t\t\t\t\t\t\t <\/div>\r\n\t\t\t\t\t\t\t\t\t\t<\/div>\r\n\t\t\t\t\t\t\t\t <\/div>\r\n\t\t\t\t\t\t\t<\/div>\r\n\t\t\t\t\t <\/div>\r\n\t\t\t\t<\/div>\r\n\t\t <\/div>\r\n\t<\/div>[\/vc_column_text][\/vc_column][\/vc_row][vc_row][vc_column][vc_column_text]<div class=\"vc_column-inner wpb_wrapper\">\r\n\t\t<div class=\"wpb_text_column wpb_content_element \">\r\n\t\t\t\t<div class=\"wpb_wrapper\">\r\n\t\t\t\t\t<div class=\"gap\"><\/div>\r\n\t\t\t\t\t\r\n\t\t\t\t\t<div class=\"custom-text-bigger\"><p style=\"text-align: center;\"><strong>Menu Individuel I<\/strong><\/p>\n<p><strong>Entr\u00e9es <\/strong>: Pat\u00e9s de Chouri\u00e7o et P\u00e9 de torresmo (viande de porc et \u00e9pices), avec du Beurre, des Toasts et du Pain.<\/p>\n<p><strong>Soupe <\/strong>: Vous pouvez choisir. (Servi \u00e0 la table).<\/p>\n<p><strong>Viande <\/strong>: Steak fa\u00e7on Regional avec sauce ancestrale.<\/p>\n<p><strong>Poisson <\/strong>:<\/p>\n<p>Morue \u00e0 la cr\u00e8me au four \u00e0 bois;<\/p>\n<p>Calamars fa\u00e7on maison au four \u00e0 bois ;<\/p>\n<p>Poulpe cuit au four \u00e0 bois;<\/p>\n<p><strong>Dessert <\/strong>: Mousse au Chocolat maison ou Dessert du jour<\/p>\n<p><strong>Boissons <\/strong>: Eaux, Jus, bi\u00e8res pression sp\u00e9ciales, Vin rouge P\u00e9rola, vin blanc P\u00e9rola et caf\u00e9.<\/p>\n<p>A la fin, un digestif r\u00e9gional vous sera offert.<\/p>\n<p style=\"text-align: center;\"><strong>Menu Individuel II<\/strong><\/p>\n<p><strong>Entr\u00e9es <\/strong>: Pat\u00e9s de Chouri\u00e7o et P\u00e9 de torresmo (viande de porc et \u00e9pices), avec du Beurre, des Toasts et du Pain.<\/p>\n<p><strong>Soupe <\/strong>: Vous pouvez choisir. (Servi \u00e0 la table).<\/p>\n<p><strong>Viande<\/strong>:<\/p>\n<ul>\n<li>Steak de porc fa\u00e7on Regional;<\/li>\n<li>Bitoque (viande de b\u0153uf, rond de g\u00eete);<\/li>\n<li>Escalope de poulet grill\u00e9;<\/li>\n<li>Hamburger dans un Bolo L\u00eavedo (pain-gateau typique);<\/li>\n<li>Lingui\u00e7a (saucisse portugaise) avec pain de ma\u00efs frit;<\/li>\n<li>Morcela (boudin noir) avec ananas;<\/li>\n<\/ul>\n<p><strong>Poisson <\/strong>:<br \/>\nFilet (avec salade et pommes de terre).<\/p>\n<p><strong>Dessert <\/strong>: Mousse au Chocolat maison ou Dessert du jour<\/p>\n<p><strong>Boissons <\/strong>: Eaux, Jus, bi\u00e8res pression sp\u00e9ciales, Vin rouge P\u00e9rola, vin blanc P\u00e9rola et caf\u00e9.<\/p>\n<p>A la fin, un digestif r\u00e9gional sera offert.<\/p>\n<p><strong>Les suggestions sont les bienvenues.<\/strong><\/p>\n<\/div>\r\n\t\t\t\t\t<div class=\"gap\"><\/div>\r\n\t\t\t\t<\/div>\r\n\t\t<\/div>\r\n\t<\/div>\r\n\t[\/vc_column_text][\/vc_column][\/vc_row][vc_row full_width=\u00a0\u00bbstretch_row_content_no_spaces\u00a0\u00bb row_fullwidth=\u00a0\u00bbyes\u00a0\u00bb parallax_class=\u00a0\u00bbyes\u00a0\u00bb][vc_column][vc_column_text]<div class=\"vc_row wpb_row st bg-holder vc_row-has-fill vc_row-no-padding bg-parallax\" style=\"background-image:url(https:\/\/saboresdovelho.com\/wp-content\/uploads\/2022\/02\/DSC09744-1-scaled.jpg);\r\n\tbackground-position: center;\r\n\tbackground-repeat: no-repeat;\r\n\tbackground-size: cover;\r\n\tpadding-top:6rem;\r\n\tpadding-bottom:6rem;\">\r\n\t\t <div class=\"container \">\r\n\t\t\t\t<div class=\"row\">\r\n\t\t\t\t\t <div class=\"wpb_column column_container col-md-12\">\r\n\t\t\t\t\t\t\t<div class=\"vc_column-inner wpb_wrapper\">\r\n\t\t\t\t\t\t\t\t <div class=\"vc_row wpb_row vc_inner\">\r\n\t\t\t\t\t\t\t\t\t\t<div class=\"wpb_column column_container col-md-12\">\r\n\t\t\t\t\t\t\t\t\t\t\t <div class=\"vc_column-inner\">\r\n\t\t\t\t\t\t\t\t\t\t\t\t\t<div class=\"wpb_wrapper\">\r\n\t\t\t\t\t\t\t\t\t\t\t\t\t\t <div class=\"wpb_text_column wpb_content_element  vc_custom_1416541042232  text-white\">\r\n\t\t\t\t\t\t\t\t\t\t\t\t\t\t\t\t<div class=\"wpb_wrapper\" >\r\n\t\t\t\t\t\t\t\t\t\t\t\t\t\t\t\t<h2 style=\"font-weight:bold\">Buffet et menu d\u00e9gustation pour les groupes de plus de 20 personnes<\/h2>\r\n\t\t\t\t\t\t\t\t\t\t\t\t\t\t\t\t<\/div>\r\n\t\t\t\t\t\t\t\t\t\t\t\t\t\t <\/div>\r\n\t\t\t\t\t\t\t\t\t\t\t\t\t<\/div>\r\n\t\t\t\t\t\t\t\t\t\t\t <\/div>\r\n\t\t\t\t\t\t\t\t\t\t<\/div>\r\n\t\t\t\t\t\t\t\t <\/div>\r\n\t\t\t\t\t\t\t<\/div>\r\n\t\t\t\t\t <\/div>\r\n\t\t\t\t<\/div>\r\n\t\t <\/div>\r\n\t<\/div>[\/vc_column_text][\/vc_column][\/vc_row][vc_row][vc_column][vc_column_text]<div class=\"vc_column-inner wpb_wrapper\">\r\n\t\t<div class=\"wpb_text_column wpb_content_element \">\r\n\t\t\t\t<div class=\"wpb_wrapper\">\r\n\t\t\t\t\t<div class=\"gap\"><\/div>\r\n\t\t\t\t\t\r\n\t\t\t\t\t<div class=\"custom-text-bigger\"><p><strong>Entr\u00e9es :<\/strong><\/p>\n<p>Pat\u00e9s de Chouri\u00e7o et P\u00e9 de torresmo (viande de porc et \u00e9pices), avec du Beurre e des Toasts.<\/p>\n<p>Ou<\/p>\n<ul>\n<li>Tranches de chorizo avec du fromage de S\u00e3o Jorge et Morcela (boudin noir) avec ananas.<\/li>\n<\/ul>\n<p><strong>Soupe :\u00a0<\/strong>Vous pouvez choisir. (Servi \u00e0 la table).\u00a0Recomendations a sopa da Av\u00f3 (la soupe de grand m\u00e8re)<\/p>\n<p><strong>Assiette de poisson 3, options choisir 2:<\/strong><\/p>\n<ul>\n<li>Calamars fa\u00e7on maison (fait dans le four \u00e0 bois);<\/li>\n<li>ou Morue \u00e0 la cr\u00e8me (fait dans le four \u00e0 bois);<\/li>\n<li>ou Poulpe cuit (fait dans le four \u00e0 bois).<\/li>\n<\/ul>\n<p><strong>Plat de viande, 2 options choisir 1<\/strong><strong>:<\/strong><\/p>\n<ul>\n<li>Mixte de viande r\u00f4tie, Farce (faite au four \u00e0 bois),(Description du mixte de viande r\u00f4tie, Viande de boeuf, Viande de porc, Poulet, Pomme de terre r\u00f4tie et l\u00e9gumes)<\/li>\n<\/ul>\n<p>Ou<\/p>\n<ul>\n<li>Filet de Porc avec Fromage et Jambon.<\/li>\n<\/ul>\n<p><strong>Accompagnements:<\/strong> Riz, Frites de la r\u00e9gion, Pommes de terre r\u00f4ties et Salades.<\/p>\n<p><strong>Dessert :<\/strong> Mousse de Chocolate maison ou Glace de machine maison<\/p>\n<p><strong>Boissons :<\/strong> Eaux, Jus, bi\u00e8res pression sp\u00e9ciales, Vin rouge P\u00e9rola, vin blanc P\u00e9rola et caf\u00e9.<\/p>\n<p>A la fin, un digestif r\u00e9gional vous sera offert.<\/p>\n<p><strong>Voici le Menu de Base, toutes suggestions accept\u00e9es.<\/strong><\/p>\n<\/div>\r\n\t\t\t\t\t<div class=\"gap\"><\/div>\r\n\t\t\t\t<\/div>\r\n\t\t<\/div>\r\n\t<\/div>\r\n\t[\/vc_column_text][\/vc_column][\/vc_row]<\/p>\n","protected":false},"excerpt":{"rendered":"<p>[vc_row css=\u00a0\u00bb.vc_custom_1422335093421{padding-bottom: 60px !important;}\u00a0\u00bb][vc_column][vc_column_text][\/vc_column_text][\/vc_column][\/vc_row][vc_row full_width=\u00a0\u00bbstretch_row_content_no_spaces\u00a0\u00bb row_fullwidth=\u00a0\u00bbyes\u00a0\u00bb parallax_class=\u00a0\u00bbyes\u00a0\u00bb][vc_column][vc_column_text][\/vc_column_text][\/vc_column][\/vc_row][vc_row][vc_column][vc_column_text][\/vc_column_text][\/vc_column][\/vc_row][vc_row full_width=\u00a0\u00bbstretch_row_content_no_spaces\u00a0\u00bb row_fullwidth=\u00a0\u00bbyes\u00a0\u00bb parallax_class=\u00a0\u00bbyes\u00a0\u00bb][vc_column][vc_column_text][\/vc_column_text][\/vc_column][\/vc_row][vc_row][vc_column][vc_column_text][\/vc_column_text][\/vc_column][\/vc_row]<\/p>\n","protected":false},"author":1,"featured_media":0,"parent":0,"menu_order":0,"comment_status":"closed","ping_status":"closed","template":"","meta":[],"yoast_head":"<!-- This site is optimized with the Yoast SEO plugin v17.9 - https:\/\/yoast.com\/wordpress\/plugins\/seo\/ -->\n<title>D\u00eeners de Groupe - Sabores do Velho - Ponta Delgada, Azores<\/title>\n<meta name=\"description\" content=\"Les meilleurs d\u00eeners de groupe sont \u00e0 Sabores do Velho. Parlez-nous, organisez le meilleur moment et amusez-vous avec vos amis.\" \/>\n<meta name=\"robots\" content=\"index, follow, max-snippet:-1, max-image-preview:large, max-video-preview:-1\" \/>\n<link rel=\"canonical\" href=\"https:\/\/saboresdovelho.com\/fr\/diners-de-groupe\/\" \/>\n<meta property=\"og:locale\" content=\"fr_FR\" \/>\n<meta property=\"og:type\" content=\"article\" \/>\n<meta property=\"og:title\" content=\"D\u00eeners de Groupe - Sabores do Velho - Ponta Delgada, Azores\" \/>\n<meta property=\"og:description\" content=\"Les meilleurs d\u00eeners de groupe sont \u00e0 Sabores do Velho. Parlez-nous, organisez le meilleur moment et amusez-vous avec vos amis.\" \/>\n<meta property=\"og:url\" content=\"https:\/\/saboresdovelho.com\/fr\/diners-de-groupe\/\" \/>\n<meta property=\"og:site_name\" content=\"Sabores do Velho\" \/>\n<meta property=\"article:modified_time\" content=\"2022-05-17T14:52:42+00:00\" \/>\n<meta name=\"twitter:card\" content=\"summary_large_image\" \/>\n<meta name=\"twitter:label1\" content=\"Dur\u00e9e de lecture estim\u00e9e\" \/>\n\t<meta name=\"twitter:data1\" content=\"1 minute\" \/>\n<script type=\"application\/ld+json\" class=\"yoast-schema-graph\">{\"@context\":\"https:\/\/schema.org\",\"@graph\":[{\"@type\":\"WebSite\",\"@id\":\"https:\/\/saboresdovelho.com\/#website\",\"url\":\"https:\/\/saboresdovelho.com\/\",\"name\":\"Sabores do Velho\",\"description\":\"\",\"potentialAction\":[{\"@type\":\"SearchAction\",\"target\":{\"@type\":\"EntryPoint\",\"urlTemplate\":\"https:\/\/saboresdovelho.com\/?s={search_term_string}\"},\"query-input\":\"required name=search_term_string\"}],\"inLanguage\":\"fr-FR\"},{\"@type\":\"WebPage\",\"@id\":\"https:\/\/saboresdovelho.com\/fr\/diners-de-groupe\/#webpage\",\"url\":\"https:\/\/saboresdovelho.com\/fr\/diners-de-groupe\/\",\"name\":\"D\\u00eeners de Groupe - Sabores do Velho - Ponta Delgada, Azores\",\"isPartOf\":{\"@id\":\"https:\/\/saboresdovelho.com\/#website\"},\"datePublished\":\"2022-01-20T17:09:15+00:00\",\"dateModified\":\"2022-05-17T14:52:42+00:00\",\"description\":\"Les meilleurs d\\u00eeners de groupe sont \\u00e0 Sabores do Velho. Parlez-nous, organisez le meilleur moment et amusez-vous avec vos amis.\",\"breadcrumb\":{\"@id\":\"https:\/\/saboresdovelho.com\/fr\/diners-de-groupe\/#breadcrumb\"},\"inLanguage\":\"fr-FR\",\"potentialAction\":[{\"@type\":\"ReadAction\",\"target\":[\"https:\/\/saboresdovelho.com\/fr\/diners-de-groupe\/\"]}]},{\"@type\":\"BreadcrumbList\",\"@id\":\"https:\/\/saboresdovelho.com\/fr\/diners-de-groupe\/#breadcrumb\",\"itemListElement\":[{\"@type\":\"ListItem\",\"position\":1,\"name\":\"In\\u00edcio\",\"item\":\"https:\/\/saboresdovelho.com\/fr\/\"},{\"@type\":\"ListItem\",\"position\":2,\"name\":\"Groupes\"}]}]}<\/script>\n<!-- \/ Yoast SEO plugin. -->","yoast_head_json":{"title":"D\u00eeners de Groupe - Sabores do Velho - Ponta Delgada, Azores","description":"Les meilleurs d\u00eeners de groupe sont \u00e0 Sabores do Velho. Parlez-nous, organisez le meilleur moment et amusez-vous avec vos amis.","robots":{"index":"index","follow":"follow","max-snippet":"max-snippet:-1","max-image-preview":"max-image-preview:large","max-video-preview":"max-video-preview:-1"},"canonical":"https:\/\/saboresdovelho.com\/fr\/diners-de-groupe\/","og_locale":"fr_FR","og_type":"article","og_title":"D\u00eeners de Groupe - Sabores do Velho - Ponta Delgada, Azores","og_description":"Les meilleurs d\u00eeners de groupe sont \u00e0 Sabores do Velho. Parlez-nous, organisez le meilleur moment et amusez-vous avec vos amis.","og_url":"https:\/\/saboresdovelho.com\/fr\/diners-de-groupe\/","og_site_name":"Sabores do Velho","article_modified_time":"2022-05-17T14:52:42+00:00","twitter_card":"summary_large_image","twitter_misc":{"Dur\u00e9e de lecture estim\u00e9e":"1 minute"},"schema":{"@context":"https:\/\/schema.org","@graph":[{"@type":"WebSite","@id":"https:\/\/saboresdovelho.com\/#website","url":"https:\/\/saboresdovelho.com\/","name":"Sabores do Velho","description":"","potentialAction":[{"@type":"SearchAction","target":{"@type":"EntryPoint","urlTemplate":"https:\/\/saboresdovelho.com\/?s={search_term_string}"},"query-input":"required name=search_term_string"}],"inLanguage":"fr-FR"},{"@type":"WebPage","@id":"https:\/\/saboresdovelho.com\/fr\/diners-de-groupe\/#webpage","url":"https:\/\/saboresdovelho.com\/fr\/diners-de-groupe\/","name":"D\u00eeners de Groupe - Sabores do Velho - Ponta Delgada, Azores","isPartOf":{"@id":"https:\/\/saboresdovelho.com\/#website"},"datePublished":"2022-01-20T17:09:15+00:00","dateModified":"2022-05-17T14:52:42+00:00","description":"Les meilleurs d\u00eeners de groupe sont \u00e0 Sabores do Velho. Parlez-nous, organisez le meilleur moment et amusez-vous avec vos amis.","breadcrumb":{"@id":"https:\/\/saboresdovelho.com\/fr\/diners-de-groupe\/#breadcrumb"},"inLanguage":"fr-FR","potentialAction":[{"@type":"ReadAction","target":["https:\/\/saboresdovelho.com\/fr\/diners-de-groupe\/"]}]},{"@type":"BreadcrumbList","@id":"https:\/\/saboresdovelho.com\/fr\/diners-de-groupe\/#breadcrumb","itemListElement":[{"@type":"ListItem","position":1,"name":"In\u00edcio","item":"https:\/\/saboresdovelho.com\/fr\/"},{"@type":"ListItem","position":2,"name":"Groupes"}]}]}},"_links":{"self":[{"href":"https:\/\/saboresdovelho.com\/fr\/wp-json\/wp\/v2\/pages\/7533"}],"collection":[{"href":"https:\/\/saboresdovelho.com\/fr\/wp-json\/wp\/v2\/pages"}],"about":[{"href":"https:\/\/saboresdovelho.com\/fr\/wp-json\/wp\/v2\/types\/page"}],"author":[{"embeddable":true,"href":"https:\/\/saboresdovelho.com\/fr\/wp-json\/wp\/v2\/users\/1"}],"replies":[{"embeddable":true,"href":"https:\/\/saboresdovelho.com\/fr\/wp-json\/wp\/v2\/comments?post=7533"}],"version-history":[{"count":9,"href":"https:\/\/saboresdovelho.com\/fr\/wp-json\/wp\/v2\/pages\/7533\/revisions"}],"predecessor-version":[{"id":8565,"href":"https:\/\/saboresdovelho.com\/fr\/wp-json\/wp\/v2\/pages\/7533\/revisions\/8565"}],"wp:attachment":[{"href":"https:\/\/saboresdovelho.com\/fr\/wp-json\/wp\/v2\/media?parent=7533"}],"curies":[{"name":"wp","href":"https:\/\/api.w.org\/{rel}","templated":true}]}}